{"id":103,"date":"2018-02-12T19:43:23","date_gmt":"2018-02-12T18:43:23","guid":{"rendered":"http:\/\/ckiw-tarnow.ohp.pl\/beta\/?page_id=103"},"modified":"2022-08-02T11:02:17","modified_gmt":"2022-08-02T09:02:17","slug":"wynajem","status":"publish","type":"page","link":"https:\/\/ckiw-tarnow.ohp.pl\/index.php\/wynajem\/","title":{"rendered":"Wynajem"},"content":{"rendered":"\n<figure class=\"wp-block-image size-large\"><img loading=\"lazy\" decoding=\"async\" width=\"1024\" height=\"724\" src=\"https:\/\/ckiw-tarnow.ohp.pl\/wp-content\/uploads\/2022\/08\/ulotka_final-2-1024x724.jpg\" alt=\"\" class=\"wp-image-12312\" srcset=\"https:\/\/ckiw-tarnow.ohp.pl\/wp-content\/uploads\/2022\/08\/ulotka_final-2-1024x724.jpg 1024w, https:\/\/ckiw-tarnow.ohp.pl\/wp-content\/uploads\/2022\/08\/ulotka_final-2-300x212.jpg 300w, https:\/\/ckiw-tarnow.ohp.pl\/wp-content\/uploads\/2022\/08\/ulotka_final-2-768x543.jpg 768w, https:\/\/ckiw-tarnow.ohp.pl\/wp-content\/uploads\/2022\/08\/ulotka_final-2.jpg 1169w\" sizes=\"auto, (max-width: 1024px) 100vw, 1024px\" \/><\/figure>\n\n\n\n<div style=\"height:36px\" aria-hidden=\"true\" class=\"wp-block-spacer\"><\/div>\n\n\n\n<figure class=\"wp-block-gallery columns-3 is-cropped popmake-9478 wp-block-gallery-1 is-layout-flex wp-block-gallery-is-layout-flex\"><ul class=\"blocks-gallery-grid\"><li class=\"blocks-gallery-item\"><figure><a href=\"https:\/\/ckiw-tarnow.ohp.pl\/wp-content\/uploads\/2022\/08\/bankietow_2.jpg\"><img loading=\"lazy\" decoding=\"async\" width=\"1024\" height=\"683\" src=\"https:\/\/ckiw-tarnow.ohp.pl\/wp-content\/uploads\/2022\/08\/bankietow_2-1024x683.jpg\" alt=\"\" data-id=\"12291\" data-full-url=\"https:\/\/ckiw-tarnow.ohp.pl\/wp-content\/uploads\/2022\/08\/bankietow_2.jpg\" data-link=\"https:\/\/ckiw-tarnow.ohp.pl\/index.php\/wynajem\/bankietow_2\/\" class=\"wp-image-12291\" srcset=\"https:\/\/ckiw-tarnow.ohp.pl\/wp-content\/uploads\/2022\/08\/bankietow_2-1024x683.jpg 1024w, https:\/\/ckiw-tarnow.ohp.pl\/wp-content\/uploads\/2022\/08\/bankietow_2-300x200.jpg 300w, https:\/\/ckiw-tarnow.ohp.pl\/wp-content\/uploads\/2022\/08\/bankietow_2-768x512.jpg 768w, https:\/\/ckiw-tarnow.ohp.pl\/wp-content\/uploads\/2022\/08\/bankietow_2-589x392.jpg 589w, https:\/\/ckiw-tarnow.ohp.pl\/wp-content\/uploads\/2022\/08\/bankietow_2.jpg 1500w\" sizes=\"auto, (max-width: 1024px) 100vw, 1024px\" \/><\/a><figcaption class=\"blocks-gallery-item__caption\">Sala bankietowa <\/figcaption><\/figure><\/li><li class=\"blocks-gallery-item\"><figure><a href=\"https:\/\/ckiw-tarnow.ohp.pl\/wp-content\/uploads\/2022\/08\/bankietowa.jpg\"><img loading=\"lazy\" decoding=\"async\" width=\"1024\" height=\"866\" src=\"https:\/\/ckiw-tarnow.ohp.pl\/wp-content\/uploads\/2022\/08\/bankietowa-1024x866.jpg\" alt=\"\" data-id=\"12292\" data-full-url=\"https:\/\/ckiw-tarnow.ohp.pl\/wp-content\/uploads\/2022\/08\/bankietowa.jpg\" data-link=\"https:\/\/ckiw-tarnow.ohp.pl\/index.php\/wynajem\/bankietowa\/\" class=\"wp-image-12292\" srcset=\"https:\/\/ckiw-tarnow.ohp.pl\/wp-content\/uploads\/2022\/08\/bankietowa-1024x866.jpg 1024w, https:\/\/ckiw-tarnow.ohp.pl\/wp-content\/uploads\/2022\/08\/bankietowa-300x254.jpg 300w, https:\/\/ckiw-tarnow.ohp.pl\/wp-content\/uploads\/2022\/08\/bankietowa-768x650.jpg 768w, https:\/\/ckiw-tarnow.ohp.pl\/wp-content\/uploads\/2022\/08\/bankietowa.jpg 1500w\" sizes=\"auto, (max-width: 1024px) 100vw, 1024px\" \/><\/a><figcaption class=\"blocks-gallery-item__caption\">Sala bankietowa<\/figcaption><\/figure><\/li><li class=\"blocks-gallery-item\"><figure><a href=\"https:\/\/ckiw-tarnow.ohp.pl\/wp-content\/uploads\/2022\/08\/bankietowa_dzieci.jpg\"><img loading=\"lazy\" decoding=\"async\" width=\"829\" height=\"1024\" src=\"https:\/\/ckiw-tarnow.ohp.pl\/wp-content\/uploads\/2022\/08\/bankietowa_dzieci-829x1024.jpg\" alt=\"\" data-id=\"12293\" data-full-url=\"https:\/\/ckiw-tarnow.ohp.pl\/wp-content\/uploads\/2022\/08\/bankietowa_dzieci.jpg\" data-link=\"https:\/\/ckiw-tarnow.ohp.pl\/index.php\/wynajem\/bankietowa_dzieci\/\" class=\"wp-image-12293\" srcset=\"https:\/\/ckiw-tarnow.ohp.pl\/wp-content\/uploads\/2022\/08\/bankietowa_dzieci-829x1024.jpg 829w, https:\/\/ckiw-tarnow.ohp.pl\/wp-content\/uploads\/2022\/08\/bankietowa_dzieci-243x300.jpg 243w, https:\/\/ckiw-tarnow.ohp.pl\/wp-content\/uploads\/2022\/08\/bankietowa_dzieci-768x948.jpg 768w, https:\/\/ckiw-tarnow.ohp.pl\/wp-content\/uploads\/2022\/08\/bankietowa_dzieci-1244x1536.jpg 1244w, https:\/\/ckiw-tarnow.ohp.pl\/wp-content\/uploads\/2022\/08\/bankietowa_dzieci.jpg 1500w\" sizes=\"auto, (max-width: 829px) 100vw, 829px\" \/><\/a><figcaption class=\"blocks-gallery-item__caption\">K\u0105cik dla mniejszych Go\u015bci<\/figcaption><\/figure><\/li><li class=\"blocks-gallery-item\"><figure><a href=\"https:\/\/ckiw-tarnow.ohp.pl\/wp-content\/uploads\/2022\/08\/bankietowa_stol.jpg\"><img loading=\"lazy\" decoding=\"async\" width=\"746\" height=\"1024\" src=\"https:\/\/ckiw-tarnow.ohp.pl\/wp-content\/uploads\/2022\/08\/bankietowa_stol-746x1024.jpg\" alt=\"\" data-id=\"12294\" data-full-url=\"https:\/\/ckiw-tarnow.ohp.pl\/wp-content\/uploads\/2022\/08\/bankietowa_stol.jpg\" data-link=\"https:\/\/ckiw-tarnow.ohp.pl\/index.php\/wynajem\/bankietowa_stol\/\" class=\"wp-image-12294\" srcset=\"https:\/\/ckiw-tarnow.ohp.pl\/wp-content\/uploads\/2022\/08\/bankietowa_stol-746x1024.jpg 746w, https:\/\/ckiw-tarnow.ohp.pl\/wp-content\/uploads\/2022\/08\/bankietowa_stol-218x300.jpg 218w, https:\/\/ckiw-tarnow.ohp.pl\/wp-content\/uploads\/2022\/08\/bankietowa_stol-768x1055.jpg 768w, https:\/\/ckiw-tarnow.ohp.pl\/wp-content\/uploads\/2022\/08\/bankietowa_stol-1118x1536.jpg 1118w, https:\/\/ckiw-tarnow.ohp.pl\/wp-content\/uploads\/2022\/08\/bankietowa_stol-1491x2048.jpg 1491w, https:\/\/ckiw-tarnow.ohp.pl\/wp-content\/uploads\/2022\/08\/bankietowa_stol.jpg 1500w\" sizes=\"auto, (max-width: 746px) 100vw, 746px\" \/><\/a><figcaption class=\"blocks-gallery-item__caption\">Przyk\u0142adowy rozk\u0142ad stolik\u00f3w<\/figcaption><\/figure><\/li><li class=\"blocks-gallery-item\"><figure><a href=\"https:\/\/ckiw-tarnow.ohp.pl\/wp-content\/uploads\/2022\/08\/bankietowa_stoly.jpg\"><img loading=\"lazy\" decoding=\"async\" width=\"1024\" height=\"768\" src=\"https:\/\/ckiw-tarnow.ohp.pl\/wp-content\/uploads\/2022\/08\/bankietowa_stoly-1024x768.jpg\" alt=\"\" data-id=\"12295\" data-full-url=\"https:\/\/ckiw-tarnow.ohp.pl\/wp-content\/uploads\/2022\/08\/bankietowa_stoly.jpg\" data-link=\"https:\/\/ckiw-tarnow.ohp.pl\/index.php\/wynajem\/bankietowa_stoly\/\" class=\"wp-image-12295\" srcset=\"https:\/\/ckiw-tarnow.ohp.pl\/wp-content\/uploads\/2022\/08\/bankietowa_stoly-1024x768.jpg 1024w, https:\/\/ckiw-tarnow.ohp.pl\/wp-content\/uploads\/2022\/08\/bankietowa_stoly-300x225.jpg 300w, https:\/\/ckiw-tarnow.ohp.pl\/wp-content\/uploads\/2022\/08\/bankietowa_stoly-768x576.jpg 768w, https:\/\/ckiw-tarnow.ohp.pl\/wp-content\/uploads\/2022\/08\/bankietowa_stoly.jpg 1500w\" sizes=\"auto, (max-width: 1024px) 100vw, 1024px\" \/><\/a><figcaption class=\"blocks-gallery-item__caption\">Przyk\u0142adowy rozk\u0142ad stolik\u00f3w<\/figcaption><\/figure><\/li><li class=\"blocks-gallery-item\"><figure><a href=\"https:\/\/ckiw-tarnow.ohp.pl\/wp-content\/uploads\/2022\/08\/catering.jpg\"><img loading=\"lazy\" decoding=\"async\" width=\"1024\" height=\"768\" src=\"https:\/\/ckiw-tarnow.ohp.pl\/wp-content\/uploads\/2022\/08\/catering-1024x768.jpg\" alt=\"\" data-id=\"12296\" data-full-url=\"https:\/\/ckiw-tarnow.ohp.pl\/wp-content\/uploads\/2022\/08\/catering.jpg\" data-link=\"https:\/\/ckiw-tarnow.ohp.pl\/index.php\/wynajem\/catering\/\" class=\"wp-image-12296\" srcset=\"https:\/\/ckiw-tarnow.ohp.pl\/wp-content\/uploads\/2022\/08\/catering-1024x768.jpg 1024w, https:\/\/ckiw-tarnow.ohp.pl\/wp-content\/uploads\/2022\/08\/catering-300x225.jpg 300w, https:\/\/ckiw-tarnow.ohp.pl\/wp-content\/uploads\/2022\/08\/catering-768x576.jpg 768w, https:\/\/ckiw-tarnow.ohp.pl\/wp-content\/uploads\/2022\/08\/catering.jpg 1500w\" sizes=\"auto, (max-width: 1024px) 100vw, 1024px\" \/><\/a><figcaption class=\"blocks-gallery-item__caption\">Catering<\/figcaption><\/figure><\/li><li class=\"blocks-gallery-item\"><figure><a href=\"https:\/\/ckiw-tarnow.ohp.pl\/wp-content\/uploads\/2022\/08\/konferencyjna.jpg\"><img loading=\"lazy\" decoding=\"async\" width=\"768\" height=\"1024\" src=\"https:\/\/ckiw-tarnow.ohp.pl\/wp-content\/uploads\/2022\/08\/konferencyjna-768x1024.jpg\" alt=\"\" data-id=\"12297\" data-full-url=\"https:\/\/ckiw-tarnow.ohp.pl\/wp-content\/uploads\/2022\/08\/konferencyjna.jpg\" data-link=\"https:\/\/ckiw-tarnow.ohp.pl\/index.php\/wynajem\/charsetinvalidcharsetid-22\/\" class=\"wp-image-12297\" srcset=\"https:\/\/ckiw-tarnow.ohp.pl\/wp-content\/uploads\/2022\/08\/konferencyjna-768x1024.jpg 768w, https:\/\/ckiw-tarnow.ohp.pl\/wp-content\/uploads\/2022\/08\/konferencyjna-225x300.jpg 225w, https:\/\/ckiw-tarnow.ohp.pl\/wp-content\/uploads\/2022\/08\/konferencyjna-1152x1536.jpg 1152w, https:\/\/ckiw-tarnow.ohp.pl\/wp-content\/uploads\/2022\/08\/konferencyjna.jpg 1500w\" sizes=\"auto, (max-width: 768px) 100vw, 768px\" \/><\/a><figcaption class=\"blocks-gallery-item__caption\">Sala konferencyjna<\/figcaption><\/figure><\/li><li class=\"blocks-gallery-item\"><figure><a href=\"https:\/\/ckiw-tarnow.ohp.pl\/wp-content\/uploads\/2022\/08\/konferencyjna_krzesla.jpg\"><img loading=\"lazy\" decoding=\"async\" width=\"768\" height=\"1024\" src=\"https:\/\/ckiw-tarnow.ohp.pl\/wp-content\/uploads\/2022\/08\/konferencyjna_krzesla-768x1024.jpg\" alt=\"\" data-id=\"12298\" data-full-url=\"https:\/\/ckiw-tarnow.ohp.pl\/wp-content\/uploads\/2022\/08\/konferencyjna_krzesla.jpg\" data-link=\"https:\/\/ckiw-tarnow.ohp.pl\/index.php\/wynajem\/charsetinvalidcharsetid-23\/\" class=\"wp-image-12298\" srcset=\"https:\/\/ckiw-tarnow.ohp.pl\/wp-content\/uploads\/2022\/08\/konferencyjna_krzesla-768x1024.jpg 768w, https:\/\/ckiw-tarnow.ohp.pl\/wp-content\/uploads\/2022\/08\/konferencyjna_krzesla-225x300.jpg 225w, https:\/\/ckiw-tarnow.ohp.pl\/wp-content\/uploads\/2022\/08\/konferencyjna_krzesla-1152x1536.jpg 1152w, https:\/\/ckiw-tarnow.ohp.pl\/wp-content\/uploads\/2022\/08\/konferencyjna_krzesla.jpg 1500w\" sizes=\"auto, (max-width: 768px) 100vw, 768px\" \/><\/a><figcaption class=\"blocks-gallery-item__caption\">Sala szkoleniowa<\/figcaption><\/figure><\/li><li class=\"blocks-gallery-item\"><figure><a href=\"https:\/\/ckiw-tarnow.ohp.pl\/wp-content\/uploads\/2022\/08\/ubikacja.jpg\"><img loading=\"lazy\" decoding=\"async\" width=\"768\" height=\"1024\" src=\"https:\/\/ckiw-tarnow.ohp.pl\/wp-content\/uploads\/2022\/08\/ubikacja-768x1024.jpg\" alt=\"\" data-id=\"12299\" data-full-url=\"https:\/\/ckiw-tarnow.ohp.pl\/wp-content\/uploads\/2022\/08\/ubikacja.jpg\" data-link=\"https:\/\/ckiw-tarnow.ohp.pl\/index.php\/wynajem\/charsetinvalidcharsetid-24\/\" class=\"wp-image-12299\" srcset=\"https:\/\/ckiw-tarnow.ohp.pl\/wp-content\/uploads\/2022\/08\/ubikacja-768x1024.jpg 768w, https:\/\/ckiw-tarnow.ohp.pl\/wp-content\/uploads\/2022\/08\/ubikacja-225x300.jpg 225w, https:\/\/ckiw-tarnow.ohp.pl\/wp-content\/uploads\/2022\/08\/ubikacja-1152x1536.jpg 1152w, https:\/\/ckiw-tarnow.ohp.pl\/wp-content\/uploads\/2022\/08\/ubikacja.jpg 1500w\" sizes=\"auto, (max-width: 768px) 100vw, 768px\" \/><\/a><figcaption class=\"blocks-gallery-item__caption\">\u0141azienka<\/figcaption><\/figure><\/li><\/ul><\/figure>\n\n\n\n<div style=\"height:36px\" aria-hidden=\"true\" class=\"wp-block-spacer\"><\/div>\n\n\n<p><strong>Centrum Kszta\u0142cenia i Wychowania OHP w Tarnowie posiada&nbsp; sale, kt\u00f3re pozwalaj\u0105&nbsp; na organizacje imprez okoliczno\u015bciowych takich&nbsp; jak:<\/strong><\/p>\n<ul>\n<li>wesela<\/li>\n<li>komunie<\/li>\n<li>chrzciny<\/li>\n<li>bankiety firmowe<\/li>\n<li>konferencje<\/li>\n<\/ul>\n<p><em><strong>Posiadamy zaplecze gastronomiczne wraz z obs\u0142ug\u0105, co umo\u017cliwia przygotowanie cateringu czy przerwy kawowej w zale\u017cno\u015bci od potrzeb.<\/strong><\/em><\/p>\n<p><strong>Sala bankietowa:<\/strong><\/p>\n<ul>\n<li>Sala o powierzchni 240 m2,&nbsp;<\/li>\n<li>Istnieje mo\u017cliwo\u015b\u0107 zorganizowania uroczysto\u015bci do <b>150 <\/b><b>os\u00f3b<\/b><\/li>\n<li>Daje r\u00f3\u017cne mo\u017cliwo\u015bci aran\u017cacji miejsc, w tym okr\u0105g\u0142e sto\u0142y<\/li>\n<\/ul>\n<p><strong>Sala konferencyjna:<\/strong><\/p>\n<ul>\n<li>Sala o powierzchni 170 m2,&nbsp;<\/li>\n<li>Posiada scen\u0119, <em><strong>du\u017cy rozwijany ekran oraz rzutnik a tak\u017ce sprz\u0119t nag\u0142a\u015bniaj\u0105cy<\/strong><\/em><\/li>\n<li>Mo\u017ce by\u0107 przeznaczona zar\u00f3wno do zorganizowania konferencji jak i przyj\u0119cia okoliczno\u015bciowego<\/li>\n<li>Istniej mo\u017cliwo\u015b\u0107 wynajmu sali <em><strong>na godziny<\/strong><\/em><\/li>\n<\/ul>\n<p><strong>Kawiarnia:<\/strong><\/p>\n<p>Posiadamy tak\u017ce&nbsp; dwie mniejsze sale o powierzchni 41 m2 i 29 m2. Sale przeznaczone s\u0105 do zorganizowania imprez i uroczysto\u015bci przewidzianych od 20 lub do 60 os\u00f3b. Istnieje mo\u017cliwo\u015b\u0107 wynajmu sali <em><strong>na godziny.<\/strong><\/em><\/p>\n<p><strong>Sale szkoleniowe:<\/strong><\/p>\n<ul>\n<li>dwie sale o powierzchni 80 m2,<\/li>\n<li>sala o powierzchni 86 m2,<\/li>\n<li>sala o powierzchni 60 m2,<\/li>\n<li>sala o powierzchni 41 m2.<\/li>\n<\/ul>\n<p><em><strong>Istnieje mo\u017cliwo\u015b\u0107 skorzystania ze sprz\u0119tu audiowizualnego a tak\u017ce zorganizowania przerw kawowych i pocz\u0119stunku. Sale s\u0105 dost\u0119pne do wynajmu na godziny.<\/strong><\/em><\/p>\n<p><\/p>\n<h1 style=\"text-align: center;\"><strong>Rezerwacji mo\u017cna dokonywa\u0107:<br><\/strong><\/h1>\n<p><\/p>\n<h1 style=\"text-align: center;\"><strong>tel: 14 627 38 79 <br><a href=\"mailto:rezerwacje@ckiw-tarnow.ohp.pl\">rezerwacje@ckiw-tarnow.ohp.pl<\/a><br><\/strong><\/h1>\n<p style=\"text-align: center;\"><\/p>","protected":false},"excerpt":{"rendered":"<p>Centrum Kszta\u0142cenia i Wychowania OHP w Tarnowie posiada&nbsp; sale, kt\u00f3re pozwalaj\u0105&nbsp; na organizacje imprez okoliczno\u015bciowych takich&nbsp; jak: wesela komunie chrzciny bankiety firmowe konferencje Posiadamy zaplecze gastronomiczne wraz z obs\u0142ug\u0105, co umo\u017cliwia przygotowanie cateringu czy przerwy kawowej w zale\u017cno\u015bci od potrzeb. Sala bankietowa: Sala o powierzchni 240 m2,&nbsp; Istnieje mo\u017cliwo\u015b\u0107 zorganizowania uroczysto\u015bci do 150 os\u00f3b Daje [&hellip;]<\/p>\n","protected":false},"author":1,"featured_media":0,"parent":0,"menu_order":0,"comment_status":"closed","ping_status":"closed","template":"","meta":{"footnotes":""},"class_list":["post-103","page","type-page","status-publish","hentry"],"_links":{"self":[{"href":"https:\/\/ckiw-tarnow.ohp.pl\/index.php\/wp-json\/wp\/v2\/pages\/103","targetHints":{"allow":["GET"]}}],"collection":[{"href":"https:\/\/ckiw-tarnow.ohp.pl\/index.php\/wp-json\/wp\/v2\/pages"}],"about":[{"href":"https:\/\/ckiw-tarnow.ohp.pl\/index.php\/wp-json\/wp\/v2\/types\/page"}],"author":[{"embeddable":true,"href":"https:\/\/ckiw-tarnow.ohp.pl\/index.php\/wp-json\/wp\/v2\/users\/1"}],"replies":[{"embeddable":true,"href":"https:\/\/ckiw-tarnow.ohp.pl\/index.php\/wp-json\/wp\/v2\/comments?post=103"}],"version-history":[{"count":34,"href":"https:\/\/ckiw-tarnow.ohp.pl\/index.php\/wp-json\/wp\/v2\/pages\/103\/revisions"}],"predecessor-version":[{"id":12362,"href":"https:\/\/ckiw-tarnow.ohp.pl\/index.php\/wp-json\/wp\/v2\/pages\/103\/revisions\/12362"}],"wp:attachment":[{"href":"https:\/\/ckiw-tarnow.ohp.pl\/index.php\/wp-json\/wp\/v2\/media?parent=103"}],"curies":[{"name":"wp","href":"https:\/\/api.w.org\/{rel}","templated":true}]}}