{"id":113,"date":"2016-05-12T20:01:06","date_gmt":"2016-05-12T18:01:06","guid":{"rendered":"http:\/\/ckiw-tarnow.ohp.pl\/beta\/?page_id=113"},"modified":"2024-05-07T14:42:42","modified_gmt":"2024-05-07T12:42:42","slug":"kadra","status":"publish","type":"page","link":"https:\/\/ckiw-tarnow.ohp.pl\/index.php\/kadra\/","title":{"rendered":"Kadra"},"content":{"rendered":"<h5 style=\"text-align: left;\"><strong>DYREKTOR<\/strong><\/h5>\n<p style=\"text-align: left;\"><em>Pawe\u0142 Pot\u0119pa<\/em><br \/>\n<em>tel. 14 621-72-35<\/em><br \/>\n<em>e-mail: <a href=\"mailto:p.potepa@ckiw-tarnow.ohp.pl\">p.potepa@ckiw-tarnow.ohp.pl<\/a><\/em><\/p>\n<h5 style=\"text-align: left;\"><strong>ZAST\u0118PCA DYREKTORA<\/strong><\/h5>\n<p style=\"text-align: left;\"><em>Antoni G\u00f3ral<\/em><br \/>\n<em>tel. 14 621-72-35<\/em><br \/>\n<em>e-mail: <a href=\"mailto:a.goral@ckiw-tarnow.ohp.pl\">a.goral@ckiw-tarnow.ohp.pl<\/a><\/em><\/p>\n<h5 style=\"text-align: left;\"><strong>G\u0141\u00d3WNA KSI\u0118GOWA<\/strong><\/h5>\n<p style=\"text-align: left;\"><em>Rita Lazarowicz<\/em><br \/>\n<em>tel. 14 621-72-35 wewn: 129<br \/>\ne-mail: <a href=\"mailto:r.lazarowicz@ckiw-tarnow.ohp.pl\">r.lazarowicz@ckiw-tarnow.ohp.pl<\/a><br \/>\n<\/em><\/p>\n<h5 style=\"text-align: left;\"><strong>KIEROWNIK INTERNATU<\/strong><\/h5>\n<p style=\"text-align: left;\"><em>Marek S\u0142owik<\/em><br \/>\n<em>tel. 14 621-72-35 wewn.: 134<\/em><br \/>\n<em>e-mail: <a href=\"mailto:internat@ckiw-tarnow.ohp.pl\">internat@ckiw-tarnow.ohp.pl<\/a><\/em><\/p>\n<h5 style=\"text-align: left;\"><strong>KIEROWNIK WARSZTAT\u00d3W SZKOLENIOWYCH<\/strong><\/h5>\n<p style=\"text-align: left;\"><em>Konrad G\u0119barowski<\/em><br \/>\n<em>tel. 14 627-38-79<\/em><br \/>\n<em>e-mail: <a href=\"mailto:internat@ckiw-tarnow.ohp.pl\">k.gebarowski@ckiw-tarnow.ohp.pl<\/a><\/em><\/p>\n<h5 style=\"text-align: left;\"><strong>KIEROWNIK PIONU ORGANIZACYJNO-ADMINISTRACYJNEGO<\/strong><\/h5>\n<p style=\"text-align: left;\"><em>Agata Bartula<\/em><br \/>\n<em>tel 14 621-72-35 wewn : 120<\/em><br \/>\n<em>e-mail:\u00a0 <a href=\"mailto:a.bartula@ckiw-tarnow.ohp.pl\">a.bartula@ckiw-tarnow.ohp.pl<\/a><\/em><\/p>\n<h4 style=\"text-align: left;\"><\/h4>\n","protected":false},"excerpt":{"rendered":"<p>DYREKTOR Pawe\u0142 Pot\u0119pa tel. 14 621-72-35 e-mail: p.potepa@ckiw-tarnow.ohp.pl ZAST\u0118PCA DYREKTORA Antoni G\u00f3ral tel. 14 621-72-35 e-mail: a.goral@ckiw-tarnow.ohp.pl G\u0141\u00d3WNA KSI\u0118GOWA Rita Lazarowicz tel. 14 621-72-35 wewn: 129 e-mail: r.lazarowicz@ckiw-tarnow.ohp.pl KIEROWNIK INTERNATU Marek S\u0142owik tel. 14 621-72-35 wewn.: 134 e-mail: internat@ckiw-tarnow.ohp.pl KIEROWNIK WARSZTAT\u00d3W SZKOLENIOWYCH Konrad G\u0119barowski tel. 14 627-38-79 e-mail: k.gebarowski@ckiw-tarnow.ohp.pl KIEROWNIK PIONU ORGANIZACYJNO-ADMINISTRACYJNEGO Agata Bartula tel [&hellip;]<\/p>\n","protected":false},"author":1,"featured_media":0,"parent":0,"menu_order":0,"comment_status":"closed","ping_status":"closed","template":"","meta":{"footnotes":""},"class_list":["post-113","page","type-page","status-publish","hentry"],"_links":{"self":[{"href":"https:\/\/ckiw-tarnow.ohp.pl\/index.php\/wp-json\/wp\/v2\/pages\/113","targetHints":{"allow":["GET"]}}],"collection":[{"href":"https:\/\/ckiw-tarnow.ohp.pl\/index.php\/wp-json\/wp\/v2\/pages"}],"about":[{"href":"https:\/\/ckiw-tarnow.ohp.pl\/index.php\/wp-json\/wp\/v2\/types\/page"}],"author":[{"embeddable":true,"href":"https:\/\/ckiw-tarnow.ohp.pl\/index.php\/wp-json\/wp\/v2\/users\/1"}],"replies":[{"embeddable":true,"href":"https:\/\/ckiw-tarnow.ohp.pl\/index.php\/wp-json\/wp\/v2\/comments?post=113"}],"version-history":[{"count":47,"href":"https:\/\/ckiw-tarnow.ohp.pl\/index.php\/wp-json\/wp\/v2\/pages\/113\/revisions"}],"predecessor-version":[{"id":14990,"href":"https:\/\/ckiw-tarnow.ohp.pl\/index.php\/wp-json\/wp\/v2\/pages\/113\/revisions\/14990"}],"wp:attachment":[{"href":"https:\/\/ckiw-tarnow.ohp.pl\/index.php\/wp-json\/wp\/v2\/media?parent=113"}],"curies":[{"name":"wp","href":"https:\/\/api.w.org\/{rel}","templated":true}]}}