{"id":138,"date":"2016-05-16T22:29:53","date_gmt":"2016-05-16T20:29:53","guid":{"rendered":"http:\/\/ckiw-tarnow.ohp.pl\/beta\/?page_id=138"},"modified":"2026-03-11T21:22:06","modified_gmt":"2026-03-11T20:22:06","slug":"rekrutacja","status":"publish","type":"page","link":"https:\/\/ckiw-tarnow.ohp.pl\/index.php\/rekrutacja\/","title":{"rendered":"Rekrutacja"},"content":{"rendered":"\n<p><strong>Oferta CKiW OHP w Tarnowie na rok szkolny 2025\/2026<\/strong><\/p>\n\n\n\n<div style=\"height:25px\" aria-hidden=\"true\" class=\"wp-block-spacer\"><\/div>\n\n\n\n<p><strong>Nauka w 3-letniej bran\u017cowej szkole I \u2013 go stopnia w zawodzie:<\/strong><\/p>\n\n\n\n<ul class=\"wp-block-list\">\n<li><em>kucharz<\/em><\/li>\n\n\n\n<li><em>cukiernik<\/em><\/li>\n\n\n\n<li><em>monter zabudowy i rob\u00f3t wyko\u0144czeniowych w budownictwie<\/em><\/li>\n\n\n\n<li><em>\u015blusarz (z przygotowaniem do egzaminu spawalniczego klasa pod patronatem Zak\u0142ad\u00f3w Mechanicznych w Tarnowie)<\/em><\/li>\n\n\n\n<li><em>fryzjer<\/em><\/li>\n<\/ul>\n\n\n\n<div style=\"height:25px\" aria-hidden=\"true\" class=\"wp-block-spacer\"><\/div>\n\n\n\n<p><b>Wymagania:<\/b><\/p>\n\n\n\n<ul class=\"wp-block-list\">\n<li><em>uko\u0144czone 15 lat, nie przekroczone 18 lat,<\/em><\/li>\n\n\n\n<li><em>uko\u0144czona szko\u0142a podstawowa.<\/em><\/li>\n<\/ul>\n\n\n\n<div style=\"height:25px\" aria-hidden=\"true\" class=\"wp-block-spacer\"><\/div>\n\n\n\n<p><b>Niezb\u0119dne dokumenty:<\/b><\/p>\n\n\n\n<ul class=\"wp-block-list\">\n<li><em>podanie,<\/em><\/li>\n\n\n\n<li><em>ostatnie \u015bwiadectwo szkolne oraz za\u015bwiadczenie z wynikami egzaminu \u00f3smoklasisty,<\/em><\/li>\n\n\n\n<li><em>kwestionariusz osobowy,<\/em><\/li>\n\n\n\n<li><em>za\u015bwiadczenie lekarskie stwierdzaj\u0105ce stan zdrowia pozwalaj\u0105cy na nauk\u0119 w wybranym zawodzie,<\/em><\/li>\n\n\n\n<li><em>fotografie \u2013 3 szt.<\/em><\/li>\n<\/ul>\n\n\n\n<div style=\"height:43px\" aria-hidden=\"true\" class=\"wp-block-spacer\"><\/div>\n\n\n\n<h2 class=\"wp-block-heading has-text-align-center\"><strong>INFORMACJA <\/strong><\/h2>\n\n\n\n<h2 class=\"wp-block-heading has-text-align-center\"><strong>tel.: 14 621 72 35<\/strong> <strong>wew. 115 <\/strong><\/h2>\n\n\n\n<h2 class=\"wp-block-heading has-text-align-center\"><\/h2>\n\n\n\n<h2 class=\"wp-block-heading has-text-align-center\"><br><strong>email:<\/strong> <a href=\"mailto:sekretariat@ckiw-tarnow.ohp.pl\"><strong>sekretariat<\/strong>@<strong>ckiw-tarnow.ohp.pl<\/strong><\/a><\/h2>\n\n\n\n<p class=\"has-text-align-center\"><\/p>\n\n\n\n<h2 class=\"wp-block-heading\"><\/h2>\n\n\n\n<div style=\"height:43px\" aria-hidden=\"true\" class=\"wp-block-spacer\"><\/div>\n\n\n<div class=\"wp-block-image\">\n<figure class=\"aligncenter size-full\"><img loading=\"lazy\" decoding=\"async\" width=\"644\" height=\"908\" src=\"https:\/\/ckiw-tarnow.ohp.pl\/wp-content\/uploads\/2023\/03\/Plakat-rekrutacja-do-kariery-II.jpg\" alt=\"\" class=\"wp-image-13355\" srcset=\"https:\/\/ckiw-tarnow.ohp.pl\/wp-content\/uploads\/2023\/03\/Plakat-rekrutacja-do-kariery-II.jpg 644w, https:\/\/ckiw-tarnow.ohp.pl\/wp-content\/uploads\/2023\/03\/Plakat-rekrutacja-do-kariery-II-213x300.jpg 213w\" sizes=\"auto, (max-width: 644px) 100vw, 644px\" \/><\/figure>\n<\/div>","protected":false},"excerpt":{"rendered":"<p>Oferta CKiW OHP w Tarnowie na rok szkolny 2025\/2026 Nauka w 3-letniej bran\u017cowej szkole I \u2013 go stopnia w zawodzie: Wymagania: Niezb\u0119dne dokumenty: INFORMACJA tel.: 14 621 72 35 wew. 115 email: sekretariat@ckiw-tarnow.ohp.pl<\/p>\n","protected":false},"author":1,"featured_media":0,"parent":0,"menu_order":0,"comment_status":"closed","ping_status":"closed","template":"","meta":{"footnotes":""},"class_list":["post-138","page","type-page","status-publish","hentry"],"_links":{"self":[{"href":"https:\/\/ckiw-tarnow.ohp.pl\/index.php\/wp-json\/wp\/v2\/pages\/138","targetHints":{"allow":["GET"]}}],"collection":[{"href":"https:\/\/ckiw-tarnow.ohp.pl\/index.php\/wp-json\/wp\/v2\/pages"}],"about":[{"href":"https:\/\/ckiw-tarnow.ohp.pl\/index.php\/wp-json\/wp\/v2\/types\/page"}],"author":[{"embeddable":true,"href":"https:\/\/ckiw-tarnow.ohp.pl\/index.php\/wp-json\/wp\/v2\/users\/1"}],"replies":[{"embeddable":true,"href":"https:\/\/ckiw-tarnow.ohp.pl\/index.php\/wp-json\/wp\/v2\/comments?post=138"}],"version-history":[{"count":34,"href":"https:\/\/ckiw-tarnow.ohp.pl\/index.php\/wp-json\/wp\/v2\/pages\/138\/revisions"}],"predecessor-version":[{"id":18295,"href":"https:\/\/ckiw-tarnow.ohp.pl\/index.php\/wp-json\/wp\/v2\/pages\/138\/revisions\/18295"}],"wp:attachment":[{"href":"https:\/\/ckiw-tarnow.ohp.pl\/index.php\/wp-json\/wp\/v2\/media?parent=138"}],"curies":[{"name":"wp","href":"https:\/\/api.w.org\/{rel}","templated":true}]}}