{"id":15261,"date":"2024-09-19T13:53:50","date_gmt":"2024-09-19T11:53:50","guid":{"rendered":"https:\/\/ckiw-tarnow.ohp.pl\/?page_id=15261"},"modified":"2025-07-01T16:21:49","modified_gmt":"2025-07-01T14:21:49","slug":"bezpieczenstwo-uczestnikow","status":"publish","type":"page","link":"https:\/\/ckiw-tarnow.ohp.pl\/index.php\/bezpieczenstwo-uczestnikow\/","title":{"rendered":"Bezpiecze\u0144stwo Uczestnik\u00f3w"},"content":{"rendered":"\n<div class=\"wp-block-file\"><a id=\"wp-block-file--media-f525e9aa-05fa-4fe6-9bfd-f2133d9b0824\" href=\"https:\/\/ckiw-tarnow.ohp.pl\/wp-content\/uploads\/2025\/07\/27.KG_.BEZ_.2024.pdf\">Zarz\u0105dzenie Komendanta G\u0142\u00f3wnego Ochotniczych Hufc\u00f3w Pracy Nr KG.BEZ.021.27.2024<\/a><a href=\"https:\/\/ckiw-tarnow.ohp.pl\/wp-content\/uploads\/2025\/07\/27.KG_.BEZ_.2024.pdf\" class=\"wp-block-file__button wp-element-button\" download aria-describedby=\"wp-block-file--media-f525e9aa-05fa-4fe6-9bfd-f2133d9b0824\">Pobierz<\/a><\/div>\n\n\n\n<div class=\"wp-block-file\"><a id=\"wp-block-file--media-92171932-ab08-4230-b866-4d3967753f85\" href=\"https:\/\/ckiw-tarnow.ohp.pl\/?attachment_id=15263\">Standardy ochrony ma\u0142oletniego uczestnika Ochotniczych Hufc\u00f3w Pracy.<\/a><a href=\"https:\/\/ckiw-tarnow.ohp.pl\/wp-content\/uploads\/2024\/09\/Standardy-ochrony-maloletniego-uczestnika-Ochotniczych-Hufcow-Pracy.pdf\" class=\"wp-block-file__button wp-element-button\" download aria-describedby=\"wp-block-file--media-92171932-ab08-4230-b866-4d3967753f85\">Pobierz<\/a><\/div>\n\n\n\n<p><\/p>\n","protected":false},"excerpt":{"rendered":"","protected":false},"author":1,"featured_media":0,"parent":0,"menu_order":0,"comment_status":"closed","ping_status":"closed","template":"","meta":{"footnotes":""},"class_list":["post-15261","page","type-page","status-publish","hentry"],"_links":{"self":[{"href":"https:\/\/ckiw-tarnow.ohp.pl\/index.php\/wp-json\/wp\/v2\/pages\/15261","targetHints":{"allow":["GET"]}}],"collection":[{"href":"https:\/\/ckiw-tarnow.ohp.pl\/index.php\/wp-json\/wp\/v2\/pages"}],"about":[{"href":"https:\/\/ckiw-tarnow.ohp.pl\/index.php\/wp-json\/wp\/v2\/types\/page"}],"author":[{"embeddable":true,"href":"https:\/\/ckiw-tarnow.ohp.pl\/index.php\/wp-json\/wp\/v2\/users\/1"}],"replies":[{"embeddable":true,"href":"https:\/\/ckiw-tarnow.ohp.pl\/index.php\/wp-json\/wp\/v2\/comments?post=15261"}],"version-history":[{"count":3,"href":"https:\/\/ckiw-tarnow.ohp.pl\/index.php\/wp-json\/wp\/v2\/pages\/15261\/revisions"}],"predecessor-version":[{"id":16839,"href":"https:\/\/ckiw-tarnow.ohp.pl\/index.php\/wp-json\/wp\/v2\/pages\/15261\/revisions\/16839"}],"wp:attachment":[{"href":"https:\/\/ckiw-tarnow.ohp.pl\/index.php\/wp-json\/wp\/v2\/media?parent=15261"}],"curies":[{"name":"wp","href":"https:\/\/api.w.org\/{rel}","templated":true}]}}