{"id":18544,"date":"2026-05-12T09:11:06","date_gmt":"2026-05-12T07:11:06","guid":{"rendered":"https:\/\/ckiw-tarnow.ohp.pl\/?page_id=18544"},"modified":"2026-05-12T09:11:07","modified_gmt":"2026-05-12T07:11:07","slug":"projekt-zrownowazona-gastronomia-i-goscinnosc-integracja-zawodowa-osob-ze-specjalnymi-potrzebami","status":"publish","type":"page","link":"https:\/\/ckiw-tarnow.ohp.pl\/index.php\/projekt-zrownowazona-gastronomia-i-goscinnosc-integracja-zawodowa-osob-ze-specjalnymi-potrzebami\/","title":{"rendered":"Projekt &#8222;Zr\u00f3wnowa\u017cona gastronomia i go\u015bcinno\u015b\u0107 &#8211; integracja zawodowa os\u00f3b ze specjalnymi potrzebami&#8221;"},"content":{"rendered":"","protected":false},"excerpt":{"rendered":"","protected":false},"author":1,"featured_media":0,"parent":0,"menu_order":0,"comment_status":"closed","ping_status":"closed","template":"","meta":{"footnotes":""},"class_list":["post-18544","page","type-page","status-publish","hentry"],"_links":{"self":[{"href":"https:\/\/ckiw-tarnow.ohp.pl\/index.php\/wp-json\/wp\/v2\/pages\/18544","targetHints":{"allow":["GET"]}}],"collection":[{"href":"https:\/\/ckiw-tarnow.ohp.pl\/index.php\/wp-json\/wp\/v2\/pages"}],"about":[{"href":"https:\/\/ckiw-tarnow.ohp.pl\/index.php\/wp-json\/wp\/v2\/types\/page"}],"author":[{"embeddable":true,"href":"https:\/\/ckiw-tarnow.ohp.pl\/index.php\/wp-json\/wp\/v2\/users\/1"}],"replies":[{"embeddable":true,"href":"https:\/\/ckiw-tarnow.ohp.pl\/index.php\/wp-json\/wp\/v2\/comments?post=18544"}],"version-history":[{"count":1,"href":"https:\/\/ckiw-tarnow.ohp.pl\/index.php\/wp-json\/wp\/v2\/pages\/18544\/revisions"}],"predecessor-version":[{"id":18545,"href":"https:\/\/ckiw-tarnow.ohp.pl\/index.php\/wp-json\/wp\/v2\/pages\/18544\/revisions\/18545"}],"wp:attachment":[{"href":"https:\/\/ckiw-tarnow.ohp.pl\/index.php\/wp-json\/wp\/v2\/media?parent=18544"}],"curies":[{"name":"wp","href":"https:\/\/api.w.org\/{rel}","templated":true}]}}