{"id":2076,"date":"2017-01-02T08:00:47","date_gmt":"2017-01-02T07:00:47","guid":{"rendered":"http:\/\/ckiw-tarnow.ohp.pl\/beta\/?page_id=2076"},"modified":"2020-03-11T10:56:22","modified_gmt":"2020-03-11T09:56:22","slug":"absolwenci","status":"publish","type":"page","link":"https:\/\/ckiw-tarnow.ohp.pl\/index.php\/absolwenci\/","title":{"rendered":"Absolwenci"},"content":{"rendered":"<p><strong>W Centrum Kszta\u0142cenia i Wychowania OHP w Tarnowie funkcjonuje Klub Absolwenta.<\/strong><\/p>\n<p>Po opuszczeniu mur\u00f3w plac\u00f3wki, losy absolwent\u00f3w s\u0105 monitorowane, gromadzone s\u0105 dane o absolwentach, organizowane s\u0105 spotkania oraz wskazywane s\u0105 mo\u017cliwe formy wsparcia w przypadku zaistnia\u0142ych potrzeb. Dwa razy do roku organizowane s\u0105 spotkanie absolwent\u00f3w,\u00a0 na kt\u00f3re zapraszani s\u0105 specjali\u015bci do spraw rozwoju i po\u015brednictwa pracy m.in. pracownicy Mobilnego Centrum Informacji Zawodowej M\u0142odzie\u017cy.<\/p>\n<p><strong>Wszystkich Absolwent\u00f3w Centrum Kszta\u0142cenia i Wychowania OHP w Tarnowie serdecznie zapraszamy do kontaktu!<\/strong><\/p>\n<p>Opiekun Klubu Absolwenta: Agnieszka Hajduk<\/p>\n<p>Tel.: 14 627 64 03 wew. 122<br \/>\ne-mail: a.hajduk@ckiw-tarnow.ohp.pl<br \/>\nFacebook: <a href=\"http:\/\/facebook.com\/ckiwtarnow\" target=\"_blank\" rel=\"noopener noreferrer\">CKiW Tarn\u00f3w<\/a><br \/>\nTwitter: <a href=\"http:\/\/twitter.com\/ckiwtarnow\" target=\"_blank\" rel=\"noopener noreferrer\">CKiW Tarn\u00f3w<\/a><\/p>\n<p>Grupa na facebook&#8217;u: <a href=\"https:\/\/www.facebook.com\/groups\/880842132058324\/\" target=\"_blank\" rel=\"noopener noreferrer\">Absolwenci<\/a><\/p>\n<p><strong>Czekamy na wiadomo\u015bci od Was!<\/strong><\/p>\n","protected":false},"excerpt":{"rendered":"<p>W Centrum Kszta\u0142cenia i Wychowania OHP w Tarnowie funkcjonuje Klub Absolwenta. Po opuszczeniu mur\u00f3w plac\u00f3wki, losy absolwent\u00f3w s\u0105 monitorowane, gromadzone s\u0105 dane o absolwentach, organizowane s\u0105 spotkania oraz wskazywane s\u0105 mo\u017cliwe formy wsparcia w przypadku zaistnia\u0142ych potrzeb. Dwa razy do roku organizowane s\u0105 spotkanie absolwent\u00f3w,\u00a0 na kt\u00f3re zapraszani s\u0105 specjali\u015bci do spraw rozwoju i po\u015brednictwa [&hellip;]<\/p>\n","protected":false},"author":1,"featured_media":0,"parent":0,"menu_order":0,"comment_status":"closed","ping_status":"closed","template":"","meta":{"footnotes":""},"class_list":["post-2076","page","type-page","status-publish","hentry"],"_links":{"self":[{"href":"https:\/\/ckiw-tarnow.ohp.pl\/index.php\/wp-json\/wp\/v2\/pages\/2076","targetHints":{"allow":["GET"]}}],"collection":[{"href":"https:\/\/ckiw-tarnow.ohp.pl\/index.php\/wp-json\/wp\/v2\/pages"}],"about":[{"href":"https:\/\/ckiw-tarnow.ohp.pl\/index.php\/wp-json\/wp\/v2\/types\/page"}],"author":[{"embeddable":true,"href":"https:\/\/ckiw-tarnow.ohp.pl\/index.php\/wp-json\/wp\/v2\/users\/1"}],"replies":[{"embeddable":true,"href":"https:\/\/ckiw-tarnow.ohp.pl\/index.php\/wp-json\/wp\/v2\/comments?post=2076"}],"version-history":[{"count":11,"href":"https:\/\/ckiw-tarnow.ohp.pl\/index.php\/wp-json\/wp\/v2\/pages\/2076\/revisions"}],"predecessor-version":[{"id":9203,"href":"https:\/\/ckiw-tarnow.ohp.pl\/index.php\/wp-json\/wp\/v2\/pages\/2076\/revisions\/9203"}],"wp:attachment":[{"href":"https:\/\/ckiw-tarnow.ohp.pl\/index.php\/wp-json\/wp\/v2\/media?parent=2076"}],"curies":[{"name":"wp","href":"https:\/\/api.w.org\/{rel}","templated":true}]}}