{"id":643,"date":"2016-07-20T19:02:04","date_gmt":"2016-07-20T17:02:04","guid":{"rendered":"http:\/\/ckiw-tarnow.ohp.pl\/beta\/?page_id=643"},"modified":"2021-05-26T12:59:41","modified_gmt":"2021-05-26T10:59:41","slug":"dzialalnosc-opiekunczo-wychowawcza","status":"publish","type":"page","link":"https:\/\/ckiw-tarnow.ohp.pl\/index.php\/dzialalnosc-opiekunczo-wychowawcza\/","title":{"rendered":"Dzia\u0142alno\u015b\u0107 opieku\u0144czo &#8211; wychowawcza"},"content":{"rendered":"<p><span style=\"text-decoration: underline; color: #008000;\"><b>Wymagania:<\/b><\/span><\/p>\n<ul>\n<li>uko\u0144czone 15 lat, nie przekroczone 18 lat,<\/li>\n<li>uko\u0144czona szko\u0142a podstawowa ,<\/li>\n<li>przychylna opinia poradni psychologiczno-pedagogicznej .<\/li>\n<\/ul>\n<p><span style=\"text-decoration: underline; color: #008000;\"><b>Niezb\u0119dne dokumenty:<\/b><\/span><\/p>\n<ul>\n<li>podanie,<\/li>\n<li>kwestionariusz osobowy,<\/li>\n<li>ostatnie \u015bwiadectwo szkolne,<\/li>\n<li>skr\u00f3cony odpis aktu urodzenia z potwierdzeniem miejsca sta\u0142ego zameldowania (obowi\u0105zuje kandydat\u00f3w do internatu),<\/li>\n<li>numer pesel,<\/li>\n<li>opinia poradni psychologiczno-pedagogicznej ,<\/li>\n<li>za\u015bwiadczenie lekarskie stwierdzaj\u0105ce stan zdrowia pozwalaj\u0105cy na nauk\u0119 w wybranym zawodzie,<\/li>\n<li>fotografie \u2013 4 szt.,<\/li>\n<li>dokumenty potwierdzaj\u0105ce sytuacj\u0119 materialn\u0105 rodziny,<\/li>\n<li>opinia w przypadku posiadania kuratora.<\/li>\n<\/ul>\n","protected":false},"excerpt":{"rendered":"<p>Wymagania: uko\u0144czone 15 lat, nie przekroczone 18 lat, uko\u0144czona szko\u0142a podstawowa , przychylna opinia poradni psychologiczno-pedagogicznej . Niezb\u0119dne dokumenty: podanie, kwestionariusz osobowy, ostatnie \u015bwiadectwo szkolne, skr\u00f3cony odpis aktu urodzenia z potwierdzeniem miejsca sta\u0142ego zameldowania (obowi\u0105zuje kandydat\u00f3w do internatu), numer pesel, opinia poradni psychologiczno-pedagogicznej , za\u015bwiadczenie lekarskie stwierdzaj\u0105ce stan zdrowia pozwalaj\u0105cy na nauk\u0119 w wybranym zawodzie, [&hellip;]<\/p>\n","protected":false},"author":1,"featured_media":0,"parent":0,"menu_order":0,"comment_status":"closed","ping_status":"closed","template":"","meta":{"footnotes":""},"class_list":["post-643","page","type-page","status-publish","hentry"],"_links":{"self":[{"href":"https:\/\/ckiw-tarnow.ohp.pl\/index.php\/wp-json\/wp\/v2\/pages\/643","targetHints":{"allow":["GET"]}}],"collection":[{"href":"https:\/\/ckiw-tarnow.ohp.pl\/index.php\/wp-json\/wp\/v2\/pages"}],"about":[{"href":"https:\/\/ckiw-tarnow.ohp.pl\/index.php\/wp-json\/wp\/v2\/types\/page"}],"author":[{"embeddable":true,"href":"https:\/\/ckiw-tarnow.ohp.pl\/index.php\/wp-json\/wp\/v2\/users\/1"}],"replies":[{"embeddable":true,"href":"https:\/\/ckiw-tarnow.ohp.pl\/index.php\/wp-json\/wp\/v2\/comments?post=643"}],"version-history":[{"count":6,"href":"https:\/\/ckiw-tarnow.ohp.pl\/index.php\/wp-json\/wp\/v2\/pages\/643\/revisions"}],"predecessor-version":[{"id":10644,"href":"https:\/\/ckiw-tarnow.ohp.pl\/index.php\/wp-json\/wp\/v2\/pages\/643\/revisions\/10644"}],"wp:attachment":[{"href":"https:\/\/ckiw-tarnow.ohp.pl\/index.php\/wp-json\/wp\/v2\/media?parent=643"}],"curies":[{"name":"wp","href":"https:\/\/api.w.org\/{rel}","templated":true}]}}