{"id":9943,"date":"2020-10-20T13:34:48","date_gmt":"2020-10-20T11:34:48","guid":{"rendered":"http:\/\/ckiw-tarnow.ohp.pl\/?page_id=9943"},"modified":"2022-02-16T08:01:54","modified_gmt":"2022-02-16T07:01:54","slug":"formularz-kontaktowy","status":"publish","type":"page","link":"https:\/\/ckiw-tarnow.ohp.pl\/index.php\/formularz-kontaktowy\/","title":{"rendered":"Zapisy na kampani\u0119 informacyjn\u0105"},"content":{"rendered":"\n<p class=\"has-normal-font-size\">Zapisy na kampani\u0119 informacyjn\u0105 &#8211; <strong>Spotkanie informacyjne RPI dla szk\u00f3\u0142 i plac\u00f3wek z terenu wojew\u00f3dztwa \u015bwi\u0119tokrzyskiego i ma\u0142opolskiego nt. realizacji projekt\u00f3w Erasmus+ w czasie pandemii.<\/strong><\/p>\n\n\n\n<p class=\"has-normal-font-size\"><\/p>\n\n\n\n<p class=\"has-medium-font-size\">Termin &#8211; 22 lutego 2022 r. godzina 13:30<\/p>\n\n\n\n<p>[wpforms id=&#8221;9940&#8243;]<\/p>\n","protected":false},"excerpt":{"rendered":"<p>Zapisy na kampani\u0119 informacyjn\u0105 &#8211; Spotkanie informacyjne RPI dla szk\u00f3\u0142 i plac\u00f3wek z terenu wojew\u00f3dztwa \u015bwi\u0119tokrzyskiego i ma\u0142opolskiego nt. realizacji projekt\u00f3w Erasmus+ w czasie pandemii. Termin &#8211; 22 lutego 2022 r. godzina 13:30 [wpforms id=&#8221;9940&#8243;]<\/p>\n","protected":false},"author":1,"featured_media":0,"parent":0,"menu_order":0,"comment_status":"closed","ping_status":"closed","template":"","meta":{"footnotes":""},"class_list":["post-9943","page","type-page","status-publish","hentry"],"_links":{"self":[{"href":"https:\/\/ckiw-tarnow.ohp.pl\/index.php\/wp-json\/wp\/v2\/pages\/9943","targetHints":{"allow":["GET"]}}],"collection":[{"href":"https:\/\/ckiw-tarnow.ohp.pl\/index.php\/wp-json\/wp\/v2\/pages"}],"about":[{"href":"https:\/\/ckiw-tarnow.ohp.pl\/index.php\/wp-json\/wp\/v2\/types\/page"}],"author":[{"embeddable":true,"href":"https:\/\/ckiw-tarnow.ohp.pl\/index.php\/wp-json\/wp\/v2\/users\/1"}],"replies":[{"embeddable":true,"href":"https:\/\/ckiw-tarnow.ohp.pl\/index.php\/wp-json\/wp\/v2\/comments?post=9943"}],"version-history":[{"count":15,"href":"https:\/\/ckiw-tarnow.ohp.pl\/index.php\/wp-json\/wp\/v2\/pages\/9943\/revisions"}],"predecessor-version":[{"id":11301,"href":"https:\/\/ckiw-tarnow.ohp.pl\/index.php\/wp-json\/wp\/v2\/pages\/9943\/revisions\/11301"}],"wp:attachment":[{"href":"https:\/\/ckiw-tarnow.ohp.pl\/index.php\/wp-json\/wp\/v2\/media?parent=9943"}],"curies":[{"name":"wp","href":"https:\/\/api.w.org\/{rel}","templated":true}]}}